{"id":18,"date":"2012-05-15T10:22:14","date_gmt":"2012-05-15T08:22:14","guid":{"rendered":"http:\/\/anne-leloup.be\/?page_id=18"},"modified":"2025-04-28T16:06:23","modified_gmt":"2025-04-28T14:06:23","slug":"cv","status":"publish","type":"page","link":"http:\/\/anne-leloup.be\/site\/infos-pratiques\/cv\/","title":{"rendered":"CV"},"content":{"rendered":"<p><img loading=\"lazy\" class=\"aligncenter size-large wp-image-859\" src=\"http:\/\/anne-leloup.be\/wp-content\/uploads\/2020\/02\/portrait-Anne-Leloup-recadre\u0301e-1024x535.jpg\" alt=\"\" width=\"1024\" height=\"535\" srcset=\"http:\/\/anne-leloup.be\/wp-content\/uploads\/2020\/02\/portrait-Anne-Leloup-recadre\u0301e-1024x535.jpg 1024w, http:\/\/anne-leloup.be\/wp-content\/uploads\/2020\/02\/portrait-Anne-Leloup-recadre\u0301e-300x157.jpg 300w, http:\/\/anne-leloup.be\/wp-content\/uploads\/2020\/02\/portrait-Anne-Leloup-recadre\u0301e-768x401.jpg 768w\" sizes=\"(max-width: 1024px) 100vw, 1024px\" \/><\/p>\n<p>Anne LELOUP se partage entre une recherche personnelle qui inclut la peinture, le volume et la lithographie,<br \/>\net un travail d\u2019\u00e9diteur au travers des \u00e9ditions Esperlu\u00e8te.<\/p>\n<p>Elle collabore \u00e9galement \u00e0 des \u00e9ditions d\u2019artistes et re\u00e7oit, en 1995, le Prix de la Gravure pour ses lithographies.<br \/>\nSes \u0153uvres sont r\u00e9guli\u00e8rement expos\u00e9es tant en Belgique qu\u2019\u00e0 l\u2019\u00e9tranger.<\/p>\n<p>Dessins, peintures, lithographies, gravures, formes d\u00e9coup\u00e9es, carnets de croquis,&#8230; elle utilise volontiers diff\u00e9rents<br \/>\nsupports tout en gardant une continuit\u00e9 dans sa recherche du trait et de la couleur.<\/p>\n<p>Il s\u2019agit d\u2019explorer ce qui ne se donne pas \u00e0 voir imm\u00e9diatement&nbsp;: les accidents, les blancs, les vides, les passages,<br \/>\ncomme autant de moments de rupture entre le dessin et sa repr\u00e9sentation. Des formes \u00e9mergent alors, parfois des<br \/>\nvisages, un v\u00e9g\u00e9tal, un caillou\u2026 entre abstraction et figuration, un vocabulaire se d\u00e9cline.<\/p>\n<p>&nbsp;<\/p>\n<p><strong>Expositions personnelles ou en duo<\/strong><\/p>\n<p>&nbsp;<\/p>\n<p>&#8211; <em>Botany Upset<\/em>, <strong>Studio Kura<\/strong>, peintures et livres d&rsquo;artiste, Itoshima, Japon, 2024<\/p>\n<p>&#8211; <em>Anne Leloup<\/em>, <strong>Kamer 9 &#8211; espace priv\u00e9 pour l&rsquo;art contemporain<\/strong>, lithographies, Rixensart, 2024<\/p>\n<p>&#8211; <em>Anne Leloup<\/em>, <strong>La Plateforme &#8211; Galerie des Beaux-Arts de Wavre<\/strong>, peintures, lithographies, formes, Wavre, 2023<\/p>\n<p>&#8211; <em>Terres, mers, ciels<\/em>, <strong>Galerie ABC-design<\/strong>, peintures, lithographies, Verviers, 2022 ; en duo avec Michel Barzin<\/p>\n<p>&#8211; <em>Entre les blancs<\/em>, <strong>Exit 11 centre d&rsquo;art contemporain<\/strong>, peintures, lithographies, Grand-Leez, 2021<\/p>\n<p>&#8211; <em>Tracer des ombres<\/em>, <strong>Espace 157 Art Contemporain<\/strong>, peintures, lithographies, formes, Verviers, 2019<\/p>\n<p>&#8211; <em>A et B<\/em>, <strong>Vitamines Arts \/ Ecole des arts<\/strong>, peintures, lithographies, formes, Tamines, 2018 ; <em>en duo avec Bernard Villers<\/em><\/p>\n<p>&#8211; <em>Trouv\u00e9 par terre<\/em>, <strong>Librairie-galerie des Editeurs associ\u00e9s<\/strong>, lithographies, Paris, 2018.<\/p>\n<p>&#8211; <em>Trouv\u00e9 par terre<\/em>, <strong>Livre et Art &#8211; Mus\u00e9e L<\/strong>, lithographies, Louvain-la-Neuve, 2017<\/p>\n<p>&#8211; <em>Expo #4 : Sabine Delahaut, Laure For\u00eat, Anne Leloup et Kto<\/em>, <strong>Galerie K1L<\/strong> et <strong>Galerie du Crabbe<\/strong>, lithographies et dessins, Jodoigne, 2015<\/p>\n<p>&#8211; <em>Hors-temps, <\/em>librairie-galerie<strong> Livre et Art<\/strong>, lithographies et formes r\u00e9centes, Louvain-la-Neuve, 2012<\/p>\n<p>&#8211; <em>Proche de la faille<\/em>, Librairie <strong>Quartiers latins<\/strong>, lithographies, dessins et formes r\u00e9centes, Bruxelles, 2011<\/p>\n<p>&#8211; <strong>Galerie Retox<\/strong>, lithographies, Ellezelles, 2009<\/p>\n<p>&#8211; <strong>Centre culturel d\u2019Ath \u00abLe Palace\u00bb<\/strong>, peintures et lithographies r\u00e9centes, Ath, 2008<\/p>\n<p>&#8211; <strong>F\u00eate de la Saint Martin &#8211; Parcours d\u2019artistes<\/strong>, Tourinnes-la-grosse, 2008<\/p>\n<p>&#8211; <strong>Fondation Cluysenaar<\/strong>, peintures et lithographies r\u00e9centes, Noville, 2007<\/p>\n<p>&#8211; <strong>Galerie Winance-Sabbe<\/strong>, lithographies r\u00e9centes, Tournai, 2007 ; e<em>n duo avec St\u00e9phane Jolivet<\/em><\/p>\n<p>&#8211; <strong>Galerie Arte Coppo<\/strong>, peintures et lithographies r\u00e9centes, Tournai, 2004<\/p>\n<p>&#8211; <strong>Soci\u00e9t\u00e9 libre d\u2019\u00e9mulation<\/strong>, peintures, gravures et \u00e9ditions, Li\u00e8ge, 2003 ;<em> invit\u00e9e Chantal Hardy<\/em><\/p>\n<p>\u00ad- <strong>Invitant &#8211; Invit\u00e9, Accrochages asbl<\/strong>, peintures, lithographies, formes, Bruxelles, 2000<\/p>\n<p>&#8211; <em>Anne Leloup, Ania Lemin et Betsy Eeckhout<\/em>, <strong>La V\u00e9nerie<\/strong>, Watermael-Boitsfort, 2000<\/p>\n<p>\u00ad- <strong>Galerie Winance-Sabbe<\/strong>, peintures et lithographies, Tournai, 1997 ; <em>en duo avec Kikie Cr\u00e8vec\u0153ur<\/em><\/p>\n<p>&#8211; <strong>Skill team<\/strong>, Bruxelles, 1996<\/p>\n<p>&#8211; <strong>Cabinet m\u00e9dical &#8211; Galerie Koma<\/strong>, Mons, 1995<\/p>\n<p>&#8211; <strong>Galerie \u00abSilence les dunes !\u00bb<\/strong> et <strong>Acad\u00e9mie des Beaux-Arts de Verviers<\/strong>, peintures, gravures et \u00e9ditions, Verviers, 1994<\/p>\n<p>&nbsp;<\/p>\n<p><strong>Expositions collectives<\/strong> depuis 1993 en Belgique, France, Qu\u00e9bec, Lituanie, Yougoslavie,&#8230;<\/p>\n<p>&nbsp;<\/p>\n<p><strong>Prix<\/strong> de la Gravure de la Communaut\u00e9 fran\u00e7aise de Belgique en 1995<\/p>\n<p>&nbsp;<\/p>\n<p><strong>Curatrice<\/strong> de l&rsquo;exposition \u00ab\u00a0La beaut\u00e9 du monde\u00a0\u00bb, Centre d&rsquo;Art contemporain Exit 11, Grand-Leez, 2021<\/p>\n<p>&nbsp;<\/p>\n<p><strong>Edition :<\/strong><\/p>\n<p>&#8211; cr\u00e9e et dirige les \u00e9ditions Esperlu\u00e8te, publication de livres associant \u00e9crivains et plasticiens depuis 1994 ;<\/p>\n<p>\u00ad &#8211; participe \u00e0 des \u00e9ditions collectives d&rsquo;estampes e.a. <em>Parcours grav\u00e9s en Belgique, 1997<\/em> ;<\/p>\n<p>&#8211; r\u00e9alise des livres d&rsquo;artiste en lithographie ;<\/p>\n<p>&#8211; illustre r\u00e9guli\u00e8rement diverses publications ;<\/p>\n<p>&#8211; co-organisatrice du March\u00e9 du Livre \u00e0 Mariemont.<\/p>\n<p>&nbsp;<\/p>\n<p><strong>Enseignement :<\/strong><\/p>\n<p>&#8211; \u00ad\u00adpour l\u2019Ensav, La Cambre, en tant que conf\u00e9renci\u00e8re dans l\u2019atelier de gravure et d\u2019illustration du livre en 2002\/03, \u00abune approche grav\u00e9e du livre\u00bb ;<\/p>\n<p>&#8211; \u00ad\u00ad\u00adpour l\u2019Acad\u00e9mie Internationale d\u2019Et\u00e9 stage \u00abRecherche d\u2019\u00e9ditions, une et multiple\u00bb, de 1996 \u00e0 2004 ;<\/p>\n<p>&#8211; pour l\u2019Atelier du Livre de Mariemont, depuis 1998 ;<\/p>\n<p>&#8211; \u00ad\u00adpour \u00abl&rsquo;\u00e9cole des filles\u00bb, CEC, pour enfants et adultes, de 1996 \u00e0 2001 ;<\/p>\n<p>&#8211; pour diff\u00e9rents cycles de formation ;<\/p>\n<p>&#8211; \u00ad\u00adpour les \u00e9coles primaires et secondaires \u00e0 la demande de l\u2019asbl\u2008Accrochages dans le cadre du projet \u00abun artiste en classe\u00bb, Culture et Education, de 1996 \u00e0 1999.<\/p>\n","protected":false},"excerpt":{"rendered":"<p>Anne LELOUP se partage entre une recherche personnelle qui inclut la peinture, le volume et la lithographie, et un travail d\u2019\u00e9diteur au travers des \u00e9ditions Esperlu\u00e8te. Elle collabore \u00e9galement \u00e0 des \u00e9ditions d\u2019artistes et re\u00e7oit, en 1995, le Prix de la Gravure pour ses lithographies. Ses \u0153uvres sont r\u00e9guli\u00e8rement expos\u00e9es tant en Belgique qu\u2019\u00e0 l\u2019\u00e9tranger. [&hellip;]<\/p>\n","protected":false},"author":1,"featured_media":0,"parent":14,"menu_order":110,"comment_status":"closed","ping_status":"closed","template":"","meta":{"ngg_post_thumbnail":0},"_links":{"self":[{"href":"http:\/\/anne-leloup.be\/site\/wp-json\/wp\/v2\/pages\/18"}],"collection":[{"href":"http:\/\/anne-leloup.be\/site\/wp-json\/wp\/v2\/pages"}],"about":[{"href":"http:\/\/anne-leloup.be\/site\/wp-json\/wp\/v2\/types\/page"}],"author":[{"embeddable":true,"href":"http:\/\/anne-leloup.be\/site\/wp-json\/wp\/v2\/users\/1"}],"replies":[{"embeddable":true,"href":"http:\/\/anne-leloup.be\/site\/wp-json\/wp\/v2\/comments?post=18"}],"version-history":[{"count":32,"href":"http:\/\/anne-leloup.be\/site\/wp-json\/wp\/v2\/pages\/18\/revisions"}],"predecessor-version":[{"id":1045,"href":"http:\/\/anne-leloup.be\/site\/wp-json\/wp\/v2\/pages\/18\/revisions\/1045"}],"up":[{"embeddable":true,"href":"http:\/\/anne-leloup.be\/site\/wp-json\/wp\/v2\/pages\/14"}],"wp:attachment":[{"href":"http:\/\/anne-leloup.be\/site\/wp-json\/wp\/v2\/media?parent=18"}],"curies":[{"name":"wp","href":"https:\/\/api.w.org\/{rel}","templated":true}]}}